{"id":297,"date":"2024-07-04T15:59:21","date_gmt":"2024-07-04T15:59:21","guid":{"rendered":"https:\/\/bendayaaventuras.com\/?page_id=297"},"modified":"2024-07-04T16:00:23","modified_gmt":"2024-07-04T16:00:23","slug":"accesibilidad","status":"publish","type":"page","link":"https:\/\/bendayaaventuras.com\/en\/accesibilidad\/","title":{"rendered":"Accessibility"},"content":{"rendered":"<style>.elementor-297 .elementor-element.elementor-element-410e88c{--display:flex;--flex-direction:column;--container-widget-width:100%;--container-widget-height:initial;--container-widget-flex-grow:0;--container-widget-align-self:initial;--flex-wrap-mobile:wrap;--padding-top:50px;--padding-bottom:50px;--padding-left:50px;--padding-right:50px;}.elementor-297 .elementor-element.elementor-element-410e88c:not(.elementor-motion-effects-element-type-background), .elementor-297 .elementor-element.elementor-element-410e88c > .elementor-motion-effects-container > .elementor-motion-effects-layer{background-color:var( --e-global-color-primary );}.elementor-297 .elementor-element.elementor-element-9bca085{--display:flex;--flex-direction:column;--container-widget-width:100%;--container-widget-height:initial;--container-widget-flex-grow:0;--container-widget-align-self:initial;--flex-wrap-mobile:wrap;--margin-top:50px;--margin-bottom:50px;--margin-left:0px;--margin-right:0px;}<\/style>\t\t<div data-elementor-type=\"wp-page\" data-elementor-id=\"297\" class=\"elementor elementor-297\" data-elementor-post-type=\"page\">\n\t\t\t\t<div class=\"elementor-element elementor-element-410e88c e-flex e-con-boxed e-con e-parent\" data-id=\"410e88c\" data-element_type=\"container\" data-settings=\"{&quot;background_background&quot;:&quot;classic&quot;}\">\n\t\t\t\t\t<div class=\"e-con-inner\">\n\t\t\t\t\t<\/div>\n\t\t\t\t<\/div>\n\t\t<div class=\"elementor-element elementor-element-9bca085 e-flex e-con-boxed e-con e-parent\" data-id=\"9bca085\" data-element_type=\"container\">\n\t\t\t\t\t<div class=\"e-con-inner\">\n\t\t\t\t<div class=\"elementor-element elementor-element-198618b elementor-widget elementor-widget-text-editor\" data-id=\"198618b\" data-element_type=\"widget\" data-widget_type=\"text-editor.default\">\n\t\t\t\t<div class=\"elementor-widget-container\">\n\t\t\t\t\t\t\t\t\t<h1><b>DECLARACI\u00d3N DE ACCESIBILIDAD<\/b><\/h1><p><span style=\"font-weight: 400;\">Bendaya Aventuras SL, C.I.F. 43286675P<\/span><span style=\"font-weight: 400;\">, domicilio social en <\/span><span style=\"font-weight: 400;\">C\/ Juan Lazaga, 1 1\u00baE, Ag\u00fcimes, Espa\u00f1a<\/span><span style=\"font-weight: 400;\"> se ha <\/span><span style=\"font-weight: 400;\">comprometido a hacer accesible su sitio web, de conformidad con el\u00a0<\/span><a href=\"https:\/\/www.boe.es\/diario_boe\/txt.php?id=BOE-A-2018-12699\"><span style=\"font-weight: 400;\">Real Decreto 1112\/2018, de 7 de septiembre, sobre accesibilidad de los sitios web y aplicaciones para dispositivos m\u00f3viles del sector p\u00fablico<\/span><\/a><span style=\"font-weight: 400;\">.\u00a0<\/span><\/p><p><span style=\"font-weight: 400;\">La presente declaraci\u00f3n de accesibilidad se aplica a\u00a0 <\/span><span style=\"font-weight: 400;\">bendayaaventuras@gmail.com<\/span><span style=\"font-weight: 400;\">.<\/span><\/p><p>\u00a0<\/p><p><b>SITUACI\u00d3N DEL CUMPLIMIENTO<\/b><\/p><p><span style=\"font-weight: 400;\">Este sitio web es\u00a0<\/span><b>plenamente conforme<\/b><span style=\"font-weight: 400;\">\u00a0con el RD 1112\/2018.<\/span><\/p><p><span style=\"font-weight: 400;\">\u00a0<\/span><\/p><p><b>CONTENIDO NO ACCESIBLE<\/b><\/p><p><span style=\"font-weight: 400;\">Todo el contenido es accesible.<\/span><\/p><p><span style=\"font-weight: 400;\">\u00a0<\/span><\/p><p><b>PREPARACI\u00d3N DE LA PRESENTE DECLARACI\u00d3N DE ACCESIBILIDAD<\/b><\/p><p><span style=\"font-weight: 400;\">La presente declaraci\u00f3n fue preparada el <\/span><span style=\"font-weight: 400;\">4 de Julio de 2024<\/span><span style=\"font-weight: 400;\">.<\/span><\/p><p><span style=\"font-weight: 400;\">El m\u00e9todo empleado para preparar la declaraci\u00f3n ha sido una autoevaluaci\u00f3n llevada a cabo por el propio organismo.<\/span><\/p><p><b>OBSERVACIONES Y DATOS DE CONTACTO<\/b><\/p><p><span style=\"font-weight: 400;\">Puede realizar\u00a0<\/span><b>comunicaciones<\/b><span style=\"font-weight: 400;\">\u00a0sobre requisitos de accesibilidad (art\u00edculo 10.2.a) del RD 1112\/2018) como por ejemplo:<\/span><\/p><ul><li style=\"font-weight: 400;\" aria-level=\"1\"><span style=\"font-weight: 400;\">informar sobre cualquier posible\u00a0<\/span><b>incumplimiento<\/b><span style=\"font-weight: 400;\">\u00a0por parte de este sitio web<\/span><\/li><li style=\"font-weight: 400;\" aria-level=\"1\"><span style=\"font-weight: 400;\">transmitir otras\u00a0<\/span><b>dificultades de acceso<\/b><span style=\"font-weight: 400;\">\u00a0al contenido<\/span><\/li><\/ul><p><span style=\"font-weight: 400;\">formular cualquier otra\u00a0<\/span><b>consulta o sugerencia de mejora<\/b><span style=\"font-weight: 400;\">\u00a0relativa a la accesibilidad del sitio web\u00a0 <\/span><span style=\"font-weight: 400;\">bendayaaventuras@gmail.com\u00a0<\/span><\/p><p><span style=\"font-weight: 400;\">o Llamando al tel\u00e9fono <\/span><span style=\"font-weight: 400;\">(+34) <\/span><span style=\"font-weight: 400;\">677 36 73 40<\/span><\/p><p><span style=\"font-weight: 400;\">Puede presentar:<\/span><\/p><ul><li style=\"font-weight: 400;\" aria-level=\"1\"><span style=\"font-weight: 400;\">una queja relativa al cumplimiento de los requisitos del RD 1112\/2018 o<\/span><\/li><li style=\"font-weight: 400;\" aria-level=\"1\"><span style=\"font-weight: 400;\">una Solicitud de Informaci\u00f3n accesible relativa a:<\/span><ol><li style=\"font-weight: 400;\" aria-level=\"2\"><span style=\"font-weight: 400;\">contenidos que est\u00e1n excluidos del \u00e1mbito de aplicaci\u00f3n del RD 1112\/2018 seg\u00fan lo establecido por el art\u00edculo 3, apartado 4.<\/span><\/li><li style=\"font-weight: 400;\" aria-level=\"2\"><span style=\"font-weight: 400;\">contenidos que est\u00e1n exentos del cumplimiento de los requisitos de accesibilidad por imponer una carga desproporcionada.<\/span><\/li><\/ol><\/li><\/ul><p><span style=\"font-weight: 400;\">En la Solicitud de informaci\u00f3n accesible, se debe concretar, con toda claridad, los hechos, razones y petici\u00f3n que permitan constatar que se trata de una solicitud razonable y leg\u00edtima.<\/span><\/p><p><span style=\"font-weight: 400;\">Las comunicaciones, quejas y solicitudes de informaci\u00f3n accesible ser\u00e1n recibidas y tratadas por <\/span><span style=\"font-weight: 400;\">Loyal Consulting SL<\/span><\/p><p><span style=\"font-weight: 400;\">\u00a0<\/span><\/p><p><b>PROCEDIMIENTO DE APLICACI\u00d3N<\/b><\/p><p><span style=\"font-weight: 400;\">En caso de no verse atendidas las solicitudes, podr\u00e1 dirigir una comunicaci\u00f3n <\/span><span style=\"font-weight: 400;\">a <\/span><span style=\"font-weight: 400;\">bendayaaventuras@gmail.com<\/span> <span style=\"font-weight: 400;\">dirigida en atenci\u00f3n a la Direcci\u00f3n de la organizaci\u00f3n.<\/span><\/p>\t\t\t\t\t\t\t\t<\/div>\n\t\t\t\t<\/div>\n\t\t\t\t\t<\/div>\n\t\t\t\t<\/div>\n\t\t\t\t<\/div>","protected":false},"excerpt":{"rendered":"<p>DECLARACI\u00d3N DE ACCESIBILIDAD Bendaya Aventuras SL, C.I.F. 43286675P, domicilio social en C\/ Juan Lazaga, 1 1\u00baE, Ag\u00fcimes, Espa\u00f1a se ha comprometido a hacer accesible su sitio web, de conformidad con el\u00a0Real Decreto 1112\/2018, de 7 de septiembre, sobre accesibilidad de los sitios web y aplicaciones para dispositivos m\u00f3viles del sector p\u00fablico.\u00a0 La presente declaraci\u00f3n de [&hellip;]<\/p>","protected":false},"author":1,"featured_media":0,"parent":0,"menu_order":0,"comment_status":"closed","ping_status":"closed","template":"","meta":{"footnotes":""},"class_list":["post-297","page","type-page","status-publish","hentry"],"_links":{"self":[{"href":"https:\/\/bendayaaventuras.com\/en\/wp-json\/wp\/v2\/pages\/297","targetHints":{"allow":["GET"]}}],"collection":[{"href":"https:\/\/bendayaaventuras.com\/en\/wp-json\/wp\/v2\/pages"}],"about":[{"href":"https:\/\/bendayaaventuras.com\/en\/wp-json\/wp\/v2\/types\/page"}],"author":[{"embeddable":true,"href":"https:\/\/bendayaaventuras.com\/en\/wp-json\/wp\/v2\/users\/1"}],"replies":[{"embeddable":true,"href":"https:\/\/bendayaaventuras.com\/en\/wp-json\/wp\/v2\/comments?post=297"}],"version-history":[{"count":4,"href":"https:\/\/bendayaaventuras.com\/en\/wp-json\/wp\/v2\/pages\/297\/revisions"}],"predecessor-version":[{"id":301,"href":"https:\/\/bendayaaventuras.com\/en\/wp-json\/wp\/v2\/pages\/297\/revisions\/301"}],"wp:attachment":[{"href":"https:\/\/bendayaaventuras.com\/en\/wp-json\/wp\/v2\/media?parent=297"}],"curies":[{"name":"wp","href":"https:\/\/api.w.org\/{rel}","templated":true}]}}